{"id":659,"date":"2019-04-21T18:59:13","date_gmt":"2019-04-21T21:59:13","guid":{"rendered":"https:\/\/cristianschneider.wordpress.com\/?page_id=659"},"modified":"2025-06-04T17:09:20","modified_gmt":"2025-06-04T20:09:20","slug":"mision","status":"publish","type":"page","link":"https:\/\/monitoreoareasprotegidas.net.ar\/map\/mision\/","title":{"rendered":"Misi\u00f3n"},"content":{"rendered":"\n<p class=\"has-drop-cap has-text-align-justify justificar has-medium-font-size\"><em><strong>El monitoreo permanente de la aplicaci\u00f3n de pol\u00edticas p\u00fablicas ambientales sobre \u00c1reas Protegidas y Conservadas, y la divulgaci\u00f3n de herramientas enfocadas en la necesaria participaci\u00f3n ciudadana para los procesos de toma de decisiones.<\/strong><\/em><\/p>\n\n\n\n<p>OBJETIVOS PARTICULARES:<\/p>\n\n\n\n<p class=\"has-text-align-justify justificar\">&#8211; Visibilizar la problem\u00e1tica de las \u00c1reas Protegidas (AP) y \u00c1reas Conservadas (OMEC), particularmente a trav\u00e9s del diagn\u00f3stico de la Situaci\u00f3n de Implementaci\u00f3n de los diferentes Sistemas de \u00c1reas Protegidas, para analizar responsabilidades y alternativas para su gesti\u00f3n.<\/p>\n\n\n\n<p class=\"has-text-align-justify justificar\">&#8211; Brindar herramientas de conocimiento, divulgaci\u00f3n y participaci\u00f3n para traccionar nuevas pol\u00edticas p\u00fablicas con la mirada puesta en la democratizaci\u00f3n de los procesos de toma de decisi\u00f3n.<\/p>\n\n\n\n<p class=\"has-text-align-justify justificar\">&#8211; Fomentar la Planificaci\u00f3n Estrat\u00e9gica y Participativa desde y hacia la ciudadan\u00eda, como aporte hacia las acciones Estatales.<\/p>\n\n\n\n<hr class=\"wp-block-separator has-css-opacity\"\/>\n\n\n\n<p class=\"has-text-align-center\"><em>La <strong>Plataforma MAP<\/strong> pretende visibilizar todas las acciones <br>que como ciudadanes podemos llevar adelante <br>para promover y\/o impulsar la implementaci\u00f3n de \u00c1reas Protegidas. <\/em><br><br><em>Proponemos pensar procesos colectivos de trabajo<\/em> <em>donde podamos recrear otras l\u00f3gicas de generaci\u00f3n de conocimiento que ayuden a involucrarnos en la realidad pol\u00edtica y ambiental de nuestros entornos.<\/em><\/p>\n\n\n\n<hr class=\"wp-block-separator has-css-opacity\"\/>\n\n\n\n<p><strong>QUIENES SOMOS<\/strong><\/p>\n\n\n\n<p class=\"justificar\">Desde<strong> <a href=\"http:\/\/www.acen.org.ar\" data-type=\"link\" data-id=\"www.acen.org.ar\" target=\"_blank\" rel=\"noreferrer noopener\">ACEN <\/a><\/strong>(Asociaci\u00f3n para la Conservaci\u00f3n y el Estudio de la Naturaleza Argentina) proponemos la <strong>Plataforma MAP<\/strong> aunando no solo los intereses de sus diferentes socias, socios, voluntarias y voluntarios de \u00e1mbitos tan diversos como la biolog\u00eda de la conservaci\u00f3n, ecolog\u00eda, geograf\u00eda, sociolog\u00eda, turismo, la actividad de guardaparque y el naturalismo -entre otros-, sino adem\u00e1s sumando la participaci\u00f3n de diferentes actores individuales y organizaciones vinculados a estas tem\u00e1ticas.<\/p>\n\n\n<div class=\"wp-block-image is-resized\">\n<figure class=\"alignright size-large\"><a href=\"https:\/\/www.acen.org.ar\" target=\"_blank\" rel=\" noreferrer noopener\"><img loading=\"lazy\" decoding=\"async\" width=\"1000\" height=\"577\" src=\"https:\/\/monitoreoareasprotegidas.net.ar\/map\/wp-content\/uploads\/2021\/03\/acen1-1.png\" alt=\"\" class=\"wp-image-811\" style=\"width:158px;height:auto\" srcset=\"https:\/\/monitoreoareasprotegidas.net.ar\/map\/wp-content\/uploads\/2021\/03\/acen1-1.png 1000w, https:\/\/monitoreoareasprotegidas.net.ar\/map\/wp-content\/uploads\/2021\/03\/acen1-1-300x173.png 300w, https:\/\/monitoreoareasprotegidas.net.ar\/map\/wp-content\/uploads\/2021\/03\/acen1-1-768x443.png 768w\" sizes=\"auto, (max-width: 767px) 89vw, (max-width: 1000px) 54vw, (max-width: 1071px) 543px, 580px\" \/><\/a><\/figure>\n<\/div>\n\n\n<p><strong><a href=\"http:\/\/www.acen.org.ar\" data-type=\"link\" data-id=\"www.acen.org.ar\" target=\"_blank\" rel=\"noreferrer noopener\">ACEN<\/a> <\/strong>es una asociaci\u00f3n civil sin fines de lucro oficialmente creada en Buenos Aires en el a\u00f1o 1994 con el fin de canalizar los esfuerzos de un grupo de personas interesadas en la conservaci\u00f3n y el estudio de la naturaleza.<br><\/p>\n\n\n<div class=\"wp-block-image\">\n<figure class=\"alignright size-large is-resized\"><img loading=\"lazy\" decoding=\"async\" width=\"1024\" height=\"627\" src=\"https:\/\/monitoreoareasprotegidas.net.ar\/map\/wp-content\/uploads\/2021\/03\/Logo-IA-sin-pie-1024x627.jpg\" alt=\"\" class=\"wp-image-847\" style=\"width:154px;height:auto\" srcset=\"https:\/\/monitoreoareasprotegidas.net.ar\/map\/wp-content\/uploads\/2021\/03\/Logo-IA-sin-pie-1024x627.jpg 1024w, https:\/\/monitoreoareasprotegidas.net.ar\/map\/wp-content\/uploads\/2021\/03\/Logo-IA-sin-pie-300x184.jpg 300w, https:\/\/monitoreoareasprotegidas.net.ar\/map\/wp-content\/uploads\/2021\/03\/Logo-IA-sin-pie-768x470.jpg 768w, https:\/\/monitoreoareasprotegidas.net.ar\/map\/wp-content\/uploads\/2021\/03\/Logo-IA-sin-pie.jpg 1129w\" sizes=\"auto, (max-width: 767px) 89vw, (max-width: 1000px) 54vw, (max-width: 1071px) 543px, 580px\" \/><\/figure>\n<\/div>\n\n\n<p><strong>Grupos Asociados y Colaboradores a MAP:<\/strong><\/p>\n\n\n\n<p><strong>Informaci\u00f3n Ambiental<\/strong> es un equipo t\u00e9cnico de profesionales en la planificaci\u00f3n, la acci\u00f3n en conservaci\u00f3n y la educaci\u00f3n ambiental <br>con base en la provincia de C\u00f3rdoba.<\/p>\n\n\n\n\n<div class=\"wp-block-image is-resized\">\n<figure class=\"alignright size-large\"><a href=\"https:\/\/www.instagram.com\/fernandasalinasdesign\/\" target=\"_blank\" rel=\" noreferrer noopener\"><img loading=\"lazy\" decoding=\"async\" width=\"397\" height=\"175\" src=\"https:\/\/monitoreoareasprotegidas.net.ar\/map\/wp-content\/uploads\/2021\/03\/Fernanda-Salinas-logo.png\" alt=\"\" class=\"wp-image-1021\" style=\"width:152px;height:auto\" srcset=\"https:\/\/monitoreoareasprotegidas.net.ar\/map\/wp-content\/uploads\/2021\/03\/Fernanda-Salinas-logo.png 397w, https:\/\/monitoreoareasprotegidas.net.ar\/map\/wp-content\/uploads\/2021\/03\/Fernanda-Salinas-logo-300x132.png 300w\" sizes=\"auto, (max-width: 397px) 100vw, 397px\" \/><\/a><\/figure>\n<\/div>\n\n\n<p><strong>Fernanda Salinas <\/strong>&#8211; DG+Publicidad <a href=\"https:\/\/www.instagram.com\/fernandasalinasdesign\/\" target=\"_blank\" rel=\"noreferrer noopener\">https:\/\/www.instagram.com\/fernandasalinasdesign\/<\/a><br><\/p>\n\n\n\n<hr class=\"wp-block-separator has-css-opacity is-style-default\"\/>\n\n\n\n<p class=\"has-text-align-center\"><em>Si quer\u00e9s realizar un aporte econ\u00f3mico como apoyo a nuestro trabajo independiente, <\/em><br><em>o <\/em>s<em>i conoc\u00e9s o particip\u00e1s de alguna organizaci\u00f3n que est\u00e9 realizando<\/em><br><em>alguna actividad relacionada con nuestros objetivos y te interesa contactarnos,<\/em><br><em>pod\u00e9s visitar la secci\u00f3n <strong><a rel=\"noreferrer noopener\" href=\"https:\/\/monitoreoareasprotegidas.net.ar\/map\/contacto-y-apoyo\/\" target=\"_blank\">Contacto y Apoyo<\/a><\/strong>.<\/em><\/p>\n","protected":false},"excerpt":{"rendered":"<p>El monitoreo permanente de la aplicaci\u00f3n de pol\u00edticas p\u00fablicas ambientales sobre \u00c1reas Protegidas y Conservadas, y la divulgaci\u00f3n de herramientas enfocadas en la necesaria participaci\u00f3n ciudadana para los procesos de toma de decisiones. OBJETIVOS PARTICULARES: &#8211; Visibilizar la problem\u00e1tica de las \u00c1reas Protegidas (AP) y \u00c1reas Conservadas (OMEC), particularmente a trav\u00e9s del diagn\u00f3stico de la &hellip; <\/p>\n<p class=\"link-more\"><a href=\"https:\/\/monitoreoareasprotegidas.net.ar\/map\/mision\/\" class=\"more-link\">Continuar leyendo<span class=\"screen-reader-text\"> \u00abMisi\u00f3n\u00bb<\/span><\/a><\/p>\n","protected":false},"author":2,"featured_media":0,"parent":0,"menu_order":2,"comment_status":"closed","ping_status":"closed","template":"","meta":{"_seopress_robots_primary_cat":"","_seopress_titles_title":"","_seopress_titles_desc":"","_seopress_robots_index":"","_seopress_analysis_target_kw":"","footnotes":""},"class_list":["post-659","page","type-page","status-publish","hentry"],"jetpack_sharing_enabled":true,"_links":{"self":[{"href":"https:\/\/monitoreoareasprotegidas.net.ar\/map\/wp-json\/wp\/v2\/pages\/659","targetHints":{"allow":["GET"]}}],"collection":[{"href":"https:\/\/monitoreoareasprotegidas.net.ar\/map\/wp-json\/wp\/v2\/pages"}],"about":[{"href":"https:\/\/monitoreoareasprotegidas.net.ar\/map\/wp-json\/wp\/v2\/types\/page"}],"author":[{"embeddable":true,"href":"https:\/\/monitoreoareasprotegidas.net.ar\/map\/wp-json\/wp\/v2\/users\/2"}],"replies":[{"embeddable":true,"href":"https:\/\/monitoreoareasprotegidas.net.ar\/map\/wp-json\/wp\/v2\/comments?post=659"}],"version-history":[{"count":52,"href":"https:\/\/monitoreoareasprotegidas.net.ar\/map\/wp-json\/wp\/v2\/pages\/659\/revisions"}],"predecessor-version":[{"id":3431,"href":"https:\/\/monitoreoareasprotegidas.net.ar\/map\/wp-json\/wp\/v2\/pages\/659\/revisions\/3431"}],"wp:attachment":[{"href":"https:\/\/monitoreoareasprotegidas.net.ar\/map\/wp-json\/wp\/v2\/media?parent=659"}],"curies":[{"name":"wp","href":"https:\/\/api.w.org\/{rel}","templated":true}]}}