{"id":35,"date":"2019-02-09T14:27:16","date_gmt":"2019-02-09T17:27:16","guid":{"rendered":"https:\/\/cristianschneider.wordpress.com\/?page_id=35"},"modified":"2025-05-18T14:38:46","modified_gmt":"2025-05-18T17:38:46","slug":"contacto-y-apoyo","status":"publish","type":"page","link":"https:\/\/monitoreoareasprotegidas.net.ar\/map\/contacto-y-apoyo\/","title":{"rendered":"Contacto y apoyo"},"content":{"rendered":"\n<p class=\"has-text-align-justify justificar\">La <strong>Plataforma MAP<\/strong> de <a href=\"http:\/\/www.acen.org.ar\" data-type=\"link\" data-id=\"www.acen.org.ar\" target=\"_blank\" rel=\"noreferrer noopener\"><strong>ACEN<\/strong><\/a> pretende visibilizar aquellas acciones que como ciudadanes podemos llevar adelante para colaborar, promover y\/o impulsar la implementaci\u00f3n de \u00c1reas Protegidas.<\/p>\n\n\n\n<p class=\"has-text-align-center\"><em>No recibimos financiamiento de ning\u00fan gobierno y apostamos a desarrollar estrategias de financiamiento colectivo que promuevan no solo la colaboraci\u00f3n con nuestra Plataforma, sino adem\u00e1s la comunicaci\u00f3n, el encuentro y el reconocimiento mutuo con quienes nos ayudan a realizar este trabajo.<\/em><\/p>\n\n\n\n<p class=\"has-text-align-center\"><em style=\"font-weight: bold;\">\u00a1Por eso te contamos!<\/em><\/p>\n\n\n\n<p class=\"has-text-align-justify\">Desde ahora pod\u00e9s  invitarnos uno o m\u00e1s <strong>cafecitos<\/strong>, o tambi\u00e9n optar por una <strong>suscripci\u00f3n<\/strong> <strong>anual<\/strong>, con la cual te ofrecemos acceder a material exclusivo. Ambas colaboraciones nos permiten seguir sosteniendo este proyecto.<\/p>\n\n\n\n<p class=\"has-text-align-left\"> \u00a1Gracias por acompa\u00f1arnos!<\/p>\n\n\n\n<div class=\"wp-block-image\"><figure class=\"alignleft size-large is-resized\"><a href=\"https:\/\/cafecito.app\/plataformamap\" target=\"_blank\" rel=\"noopener\"><img loading=\"lazy\" decoding=\"async\" src=\"https:\/\/monitoreoareasprotegidas.net.ar\/map\/wp-content\/uploads\/2021\/09\/button_5_3.75x.png\" alt=\"\" class=\"wp-image-2078\" width=\"238\" height=\"50\" srcset=\"https:\/\/monitoreoareasprotegidas.net.ar\/map\/wp-content\/uploads\/2021\/09\/button_5_3.75x.png 720w, https:\/\/monitoreoareasprotegidas.net.ar\/map\/wp-content\/uploads\/2021\/09\/button_5_3.75x-300x63.png 300w, https:\/\/monitoreoareasprotegidas.net.ar\/map\/wp-content\/uploads\/2021\/09\/button_5_3.75x-350x73.png 350w\" sizes=\"auto, (max-width: 238px) 100vw, 238px\" \/><\/a><\/figure><\/div>\n\n\n\n<p class=\"has-small-font-size\" style=\"line-height:1.5\"><br><em>Por medio de <strong>Cafecito<\/strong>, pod\u00e9s realizar un aporte por \u00fanica vez.<\/em><br><br><\/p>\n\n\n\n<div class=\"wp-block-image\"><figure class=\"alignleft size-large is-resized\"><a href=\"https:\/\/www.mercadopago.com.ar\/subscriptions\/checkout?preapproval_plan_id=2c9380847ac5c717017b17ff35ad3f0f\" target=\"_blank\" rel=\"noopener\"><img loading=\"lazy\" decoding=\"async\" src=\"https:\/\/monitoreoareasprotegidas.net.ar\/map\/wp-content\/uploads\/2021\/08\/4-1.jpg\" alt=\"\" class=\"wp-image-1930\" width=\"240\" height=\"79\" srcset=\"https:\/\/monitoreoareasprotegidas.net.ar\/map\/wp-content\/uploads\/2021\/08\/4-1.jpg 405w, https:\/\/monitoreoareasprotegidas.net.ar\/map\/wp-content\/uploads\/2021\/08\/4-1-300x97.jpg 300w\" sizes=\"auto, (max-width: 240px) 100vw, 240px\" \/><\/a><\/figure><\/div>\n\n\n\n<p class=\"has-small-font-size\" style=\"line-height:1.3\"><br><em>Con esta <strong>suscripci\u00f3n anual<\/strong> a trav\u00e9s de <strong>Mercado Pago<\/strong> ingres\u00e1s a la <strong>Comunidad MAPer<\/strong> y te compartiremos<strong> beneficios exclusivos<\/strong> a lo largo del a\u00f1o de suscripci\u00f3n, como el Newsletter de MAP y producciones impresas de regalo.<\/em><\/p>\n\n\n\n<p class=\"has-text-align-center\"><br><em>Si quer\u00e9s conocer m\u00e1s al respecto del Newsletter y la Comunidad ingres\u00e1 al siguiente link:<\/em><br><strong><a rel=\"noreferrer noopener\" href=\"https:\/\/monitoreoareasprotegidas.net.ar\/map\/comunidad-maper\/\" target=\"_blank\">Comunidad MAPer<\/a><\/strong><br><\/p>\n\n\n\n<hr class=\"wp-block-separator has-css-opacity\"\/>\n\n\n\n<p class=\"has-text-align-justify justificar\"><strong>CONTACTO<\/strong><\/p>\n\n\n\n<p class=\"has-text-align-justify justificar\">Si identific\u00e1s alg\u00fan \u00c1rea Protegida que no est\u00e9 en la lista de APs, nos gustar\u00eda conocerla, complet\u00e1 este <strong>Formulario de relevamiento<\/strong>: <strong><a rel=\"noreferrer noopener\" href=\"https:\/\/forms.gle\/for99KqVkrtZsifE6\" data-type=\"URL\" data-id=\"https:\/\/forms.gle\/for99KqVkrtZsifE6\" target=\"_blank\">Registro de nueva AP.<\/a><\/strong><\/p>\n\n\n\n<p class=\"has-text-align-justify justificar\">Si lo dese\u00e1s, pod\u00e9s comentarnos tus intereses y posibilidades de colaborar con MAP, o si conoc\u00e9s o particip\u00e1s de alguna organizaci\u00f3n que est\u00e9 realizando alguna actividad relacionada a APs, te invitamos a completar el <strong>Formulario de contacto<\/strong> y a la brevedad nos contactaremos!<\/p>\n\n\n\n<p><strong>Formulario de contacto<\/strong>: <\/p>\n\n\n\n<div class=\"forminator-guttenberg\"><div class=\"forminator-ui forminator-custom-form forminator-custom-form-3248 forminator-design--default  forminator_ajax\" data-forminator-render=\"0\" data-form=\"forminator-module-3248\" data-uid=\"69e1b5697aba7\"><br\/><\/div><form\n\t\t\t\tid=\"forminator-module-3248\"\n\t\t\t\tclass=\"forminator-ui forminator-custom-form forminator-custom-form-3248 forminator-design--default  forminator_ajax\"\n\t\t\t\tmethod=\"post\"\n\t\t\t\tdata-forminator-render=\"0\"\n\t\t\t\tdata-form-id=\"3248\"\n\t\t\t\tenctype=\"multipart\/form-data\" data-color-option=\"default\" data-design=\"default\" data-grid=\"open\" style=\"display: none;\"\n\t\t\t\tdata-uid=\"69e1b5697aba7\"\n\t\t\t><div role=\"alert\" aria-live=\"polite\" class=\"forminator-response-message forminator-error\" aria-hidden=\"true\"><\/div><div class=\"forminator-row\"><div id=\"text-1\" class=\"forminator-field-text forminator-col forminator-col-12 \"><div class=\"forminator-field\"><label for=\"forminator-field-text-1_69e1b5697aba7\" id=\"forminator-field-text-1_69e1b5697aba7-label\" class=\"forminator-label\">Tu nombre <span class=\"forminator-required\">*<\/span><\/label><input type=\"text\" name=\"text-1\" value=\"\" placeholder=\"\" id=\"forminator-field-text-1_69e1b5697aba7\" class=\"forminator-input forminator-name--field\" data-required=\"1\" \/><\/div><\/div><\/div><div class=\"forminator-row\"><div id=\"email-1\" class=\"forminator-field-email forminator-col forminator-col-12 \"><div class=\"forminator-field\"><label for=\"forminator-field-email-1_69e1b5697aba7\" id=\"forminator-field-email-1_69e1b5697aba7-label\" class=\"forminator-label\">Tu correo electr\u00f3nico <span class=\"forminator-required\">*<\/span><\/label><input type=\"email\" name=\"email-1\" value=\"\" placeholder=\"\" id=\"forminator-field-email-1_69e1b5697aba7\" class=\"forminator-input forminator-email--field\" data-required=\"1\" aria-required=\"true\" autocomplete=\"email\" \/><\/div><\/div><\/div><div class=\"forminator-row\"><div id=\"phone-1\" class=\"forminator-field-phone forminator-col forminator-col-12 \"><div class=\"forminator-field\"><label for=\"forminator-field-phone-1_69e1b5697aba7\" id=\"forminator-field-phone-1_69e1b5697aba7-label\" class=\"forminator-label\">Celular (opcional)<\/label><input type=\"text\" name=\"phone-1\" value=\"\" placeholder=\"\" id=\"forminator-field-phone-1_69e1b5697aba7\" class=\"forminator-input forminator-field--phone\" data-required=\"\" aria-required=\"false\" autocomplete=\"off\" \/><\/div><\/div><\/div><div class=\"forminator-row\"><div id=\"text-2\" class=\"forminator-field-text forminator-col forminator-col-12 \"><div class=\"forminator-field\"><label for=\"forminator-field-text-2_69e1b5697aba7\" id=\"forminator-field-text-2_69e1b5697aba7-label\" class=\"forminator-label\">Asunto <span class=\"forminator-required\">*<\/span><\/label><input type=\"text\" name=\"text-2\" value=\"\" placeholder=\"\" id=\"forminator-field-text-2_69e1b5697aba7\" class=\"forminator-input forminator-name--field\" data-required=\"1\" \/><\/div><\/div><\/div><div class=\"forminator-row\"><div id=\"textarea-1\" class=\"forminator-field-textarea forminator-col forminator-col-12 \"><div class=\"forminator-field\"><label for=\"forminator-field-textarea-1_69e1b5697aba7\" id=\"forminator-field-textarea-1_69e1b5697aba7-label\" class=\"forminator-label\">Tu mensaje<\/label><textarea name=\"textarea-1\" placeholder=\"\" id=\"forminator-field-textarea-1_69e1b5697aba7\" class=\"forminator-textarea\" rows=\"6\" style=\"min-height:140px;\" ><\/textarea><\/div><\/div><\/div><div class=\"forminator-row\"><div id=\"upload-1\" class=\"forminator-field-upload forminator-col forminator-col-12 \"><div class=\"forminator-field\"><label for=\"forminator-field-upload-1_69e1b5697aba7\" id=\"forminator-field-upload-1_69e1b5697aba7-label\" class=\"forminator-label\">Archivo adjunto (opcional)<\/label><div class=\"forminator-file-upload \" data-element=\"upload-1_69e1b5697aba7\"><input type=\"file\" name=\"upload-1\" id=\"forminator-field-upload-1_69e1b5697aba7\" class=\"forminator-input-file\" accept=\".pdf,.doc,.docx,.jpg,.jpeg,.jpe\" tabindex=\"-1\"><button id=\"forminator-field-upload-1_69e1b5697aba7_button\" class=\"forminator-button forminator-button-upload\" data-id=\"forminator-field-upload-1_69e1b5697aba7\">Elegir archivo<\/button><span data-empty-text=\"Ning\u00fan archivo seleccionado\">Ning\u00fan archivo seleccionado<\/span><button class=\"forminator-button-delete\" style=\"display: none;\"><i class=\"forminator-icon-close\" aria-hidden=\"true\"><\/i><span class=\"forminator-screen-reader-only\">Eliminar el archivo subido<\/span><\/button><\/div><\/div><\/div><\/div><div class=\"forminator-row\" style=\"margin: 0;\"><div id=\"captcha-1\" class=\"forminator-field-captcha  forminator-col-12 \"><div class=\"forminator-captcha-left forminator-g-recaptcha recaptcha-invisible\" data-theme=\"light\" data-badge=\"bottomright\" data-sitekey=\"6LceS_AqAAAAAOH5ccCI_CdqMuDwgEFza4UXhtAW\" data-size=\"invisible\"><\/div> <\/div><\/div><input type=\"hidden\" name=\"referer_url\" value=\"\" \/><div class=\"forminator-row forminator-row-last\"><div class=\"forminator-col\"><div class=\"forminator-field\"><button class=\"forminator-button forminator-button-submit\">Enviar<\/button><\/div><\/div><\/div><input type=\"hidden\" id=\"forminator_nonce\" name=\"forminator_nonce\" value=\"1b2ed583b9\" \/><input type=\"hidden\" name=\"_wp_http_referer\" value=\"\/map\/wp-json\/wp\/v2\/pages\/35\" \/><input type=\"hidden\" name=\"form_id\" value=\"3248\"><input type=\"hidden\" name=\"page_id\" value=\"35\"><input type=\"hidden\" name=\"form_type\" value=\"default\"><input type=\"hidden\" name=\"current_url\" value=\"https:\/\/monitoreoareasprotegidas.net.ar\/map\/contacto-y-apoyo\/\"><input type=\"hidden\" name=\"render_id\" value=\"0\"><input type=\"hidden\" name=\"action\" value=\"forminator_submit_form_custom-forms\"><label for=\"input_7\" class=\"forminator-hidden\" aria-hidden=\"true\">Por favor, no rellenes este campo. <input id=\"input_7\" type=\"text\" name=\"input_7\" value=\"\" autocomplete=\"off\"><\/label><\/form><\/div>\n\n\n\n<p class=\"has-text-align-justify\"><br>Tambi\u00e9n pod\u00e9s contactarnos por tus consultas o aportes utilizando los siguientes medios:<\/p>\n\n\n\n<p><img loading=\"lazy\" decoding=\"async\" width=\"40\" height=\"40\" class=\"wp-image-1879\" style=\"width: 40px;\" src=\"https:\/\/monitoreoareasprotegidas.net.ar\/map\/wp-content\/uploads\/2021\/08\/png-clipart-email-logo-outlook-com-graphics-email-miscellaneous-angle-1.png\" alt=\"\" srcset=\"https:\/\/monitoreoareasprotegidas.net.ar\/map\/wp-content\/uploads\/2021\/08\/png-clipart-email-logo-outlook-com-graphics-email-miscellaneous-angle-1.png 1240w, https:\/\/monitoreoareasprotegidas.net.ar\/map\/wp-content\/uploads\/2021\/08\/png-clipart-email-logo-outlook-com-graphics-email-miscellaneous-angle-1-300x300.png 300w, https:\/\/monitoreoareasprotegidas.net.ar\/map\/wp-content\/uploads\/2021\/08\/png-clipart-email-logo-outlook-com-graphics-email-miscellaneous-angle-1-1024x1024.png 1024w, https:\/\/monitoreoareasprotegidas.net.ar\/map\/wp-content\/uploads\/2021\/08\/png-clipart-email-logo-outlook-com-graphics-email-miscellaneous-angle-1-150x150.png 150w, https:\/\/monitoreoareasprotegidas.net.ar\/map\/wp-content\/uploads\/2021\/08\/png-clipart-email-logo-outlook-com-graphics-email-miscellaneous-angle-1-768x768.png 768w, https:\/\/monitoreoareasprotegidas.net.ar\/map\/wp-content\/uploads\/2021\/08\/png-clipart-email-logo-outlook-com-graphics-email-miscellaneous-angle-1-100x100.png 100w\" sizes=\"auto, (max-width: 40px) 100vw, 40px\" \/>  <strong>info@monitoreoareasprotegidas.net.ar<\/strong><\/p>\n\n\n\n<p><img loading=\"lazy\" decoding=\"async\" width=\"35\" height=\"26\" class=\"wp-image-858\" style=\"width: 35px;\" src=\"https:\/\/monitoreoareasprotegidas.net.ar\/map\/wp-content\/uploads\/2021\/03\/GMAIL.png\" alt=\"\">  <strong>plataforma.monitoreo.ap@gmail.com<\/strong><\/p>\n\n\n\n<p><img loading=\"lazy\" decoding=\"async\" width=\"35\" height=\"35\" class=\"wp-image-857\" style=\"width: 35px;\" src=\"https:\/\/monitoreoareasprotegidas.net.ar\/map\/wp-content\/uploads\/2021\/03\/Instagram_AppIcon_Aug2017.png\" alt=\"\" srcset=\"https:\/\/monitoreoareasprotegidas.net.ar\/map\/wp-content\/uploads\/2021\/03\/Instagram_AppIcon_Aug2017.png 299w, https:\/\/monitoreoareasprotegidas.net.ar\/map\/wp-content\/uploads\/2021\/03\/Instagram_AppIcon_Aug2017-150x150.png 150w, https:\/\/monitoreoareasprotegidas.net.ar\/map\/wp-content\/uploads\/2021\/03\/Instagram_AppIcon_Aug2017-100x100.png 100w\" sizes=\"auto, (max-width: 35px) 100vw, 35px\" \/>   <strong>Instagram<\/strong>:  @mapplataforma &#8211; Plataforma MAP   <br><a href=\"https:\/\/www.instagram.com\/mapplataforma\" target=\"_blank\" rel=\"noreferrer noopener\">https:\/\/www.instagram.com\/mapplataforma<\/a> <\/p>\n\n\n\n<p><img loading=\"lazy\" decoding=\"async\" width=\"40\" height=\"40\" class=\"wp-image-856\" style=\"width: 40px;\" src=\"https:\/\/monitoreoareasprotegidas.net.ar\/map\/wp-content\/uploads\/2021\/03\/f_logo_RGB-Blue_58.png\" alt=\"\" srcset=\"https:\/\/monitoreoareasprotegidas.net.ar\/map\/wp-content\/uploads\/2021\/03\/f_logo_RGB-Blue_58.png 130w, https:\/\/monitoreoareasprotegidas.net.ar\/map\/wp-content\/uploads\/2021\/03\/f_logo_RGB-Blue_58-100x100.png 100w\" sizes=\"auto, (max-width: 40px) 100vw, 40px\" \/>   <strong>Facebook<\/strong>: @PlataformaMAP &#8211; MAP<br> <a rel=\"noreferrer noopener\" aria-label=\"https:\/\/www.facebook.com\/PlataformaMAP (abre en una nueva pesta\u00f1a)\" href=\"https:\/\/www.facebook.com\/PlataformaMAP\" target=\"_blank\">https:\/\/www.facebook.com\/PlataformaMAP<\/a><\/p>\n\n\n<div class=\"wp-block-image\">\n<figure class=\"alignleft size-large is-resized\"><img loading=\"lazy\" decoding=\"async\" width=\"1024\" height=\"926\" src=\"https:\/\/monitoreoareasprotegidas.net.ar\/map\/wp-content\/uploads\/2025\/05\/X_logo_2023.svg_-1024x926.png\" alt=\"\" class=\"wp-image-3362\" style=\"width:36px\" srcset=\"https:\/\/monitoreoareasprotegidas.net.ar\/map\/wp-content\/uploads\/2025\/05\/X_logo_2023.svg_-1024x926.png 1024w, https:\/\/monitoreoareasprotegidas.net.ar\/map\/wp-content\/uploads\/2025\/05\/X_logo_2023.svg_-300x271.png 300w, https:\/\/monitoreoareasprotegidas.net.ar\/map\/wp-content\/uploads\/2025\/05\/X_logo_2023.svg_-768x694.png 768w, https:\/\/monitoreoareasprotegidas.net.ar\/map\/wp-content\/uploads\/2025\/05\/X_logo_2023.svg_.png 1134w\" sizes=\"auto, (max-width: 767px) 89vw, (max-width: 1000px) 54vw, (max-width: 1071px) 543px, 580px\" \/><\/figure>\n<\/div>\n\n\n<p><br><strong>X<\/strong>: @MapPlataforma &#8211; Plataforma MAP <br><a href=\"https:\/\/twitter.com\/MapPlataforma\" data-type=\"URL\" data-id=\"https:\/\/twitter.com\/MapPlataforma\" target=\"_blank\" rel=\"noreferrer noopener\">https:\/\/x.com\/MapPlataforma<\/a><\/p>\n\n\n\n<p><\/p>\n","protected":false},"excerpt":{"rendered":"<p>La Plataforma MAP de ACEN pretende visibilizar aquellas acciones que como ciudadanes podemos llevar adelante para colaborar, promover y\/o impulsar la implementaci\u00f3n de \u00c1reas Protegidas. No recibimos financiamiento de ning\u00fan gobierno y apostamos a desarrollar estrategias de financiamiento colectivo que promuevan no solo la colaboraci\u00f3n con nuestra Plataforma, sino adem\u00e1s la comunicaci\u00f3n, el encuentro y &hellip; <\/p>\n<p class=\"link-more\"><a href=\"https:\/\/monitoreoareasprotegidas.net.ar\/map\/contacto-y-apoyo\/\" class=\"more-link\">Continuar leyendo<span class=\"screen-reader-text\"> \u00abContacto y apoyo\u00bb<\/span><\/a><\/p>\n","protected":false},"author":2,"featured_media":0,"parent":0,"menu_order":20,"comment_status":"closed","ping_status":"closed","template":"","meta":{"_seopress_robots_primary_cat":"","_seopress_titles_title":"","_seopress_titles_desc":"","_seopress_robots_index":"","footnotes":""},"class_list":["post-35","page","type-page","status-publish","hentry"],"jetpack_sharing_enabled":true,"_links":{"self":[{"href":"https:\/\/monitoreoareasprotegidas.net.ar\/map\/wp-json\/wp\/v2\/pages\/35","targetHints":{"allow":["GET"]}}],"collection":[{"href":"https:\/\/monitoreoareasprotegidas.net.ar\/map\/wp-json\/wp\/v2\/pages"}],"about":[{"href":"https:\/\/monitoreoareasprotegidas.net.ar\/map\/wp-json\/wp\/v2\/types\/page"}],"author":[{"embeddable":true,"href":"https:\/\/monitoreoareasprotegidas.net.ar\/map\/wp-json\/wp\/v2\/users\/2"}],"replies":[{"embeddable":true,"href":"https:\/\/monitoreoareasprotegidas.net.ar\/map\/wp-json\/wp\/v2\/comments?post=35"}],"version-history":[{"count":87,"href":"https:\/\/monitoreoareasprotegidas.net.ar\/map\/wp-json\/wp\/v2\/pages\/35\/revisions"}],"predecessor-version":[{"id":3369,"href":"https:\/\/monitoreoareasprotegidas.net.ar\/map\/wp-json\/wp\/v2\/pages\/35\/revisions\/3369"}],"wp:attachment":[{"href":"https:\/\/monitoreoareasprotegidas.net.ar\/map\/wp-json\/wp\/v2\/media?parent=35"}],"curies":[{"name":"wp","href":"https:\/\/api.w.org\/{rel}","templated":true}]}}