{"id":31,"date":"2019-02-09T14:27:16","date_gmt":"2019-02-09T17:27:16","guid":{"rendered":"https:\/\/cristianschneider.wordpress.com\/?page_id=31"},"modified":"2025-10-18T21:12:26","modified_gmt":"2025-10-19T00:12:26","slug":"visor-cartografico","status":"publish","type":"page","link":"https:\/\/monitoreoareasprotegidas.net.ar\/map\/visor-cartografico\/","title":{"rendered":"Visor cartogr\u00e1fico"},"content":{"rendered":"\n<p class=\"has-text-align-justify justificar\">Por medio de la aplicaci\u00f3n de visor cartogr\u00e1fico de ArcGIS Online<sup>\u00ae<\/sup>, podr\u00e1s <strong>navegar de manera din\u00e1mica en la cartograf\u00eda de las \u00c1reas Protegidas y OMEC de Argentina y de las distintas provincias o territorios de monitoreo,<\/strong> con informaci\u00f3n de diferentes atributos naturales y culturales de los mismos, en cuanto a las problem\u00e1ticas y conflictos relacionados con la planificaci\u00f3n territorial y la implementaci\u00f3n de las APs.<\/p>\n\n\n\n<p class=\"has-text-align-justify justificar\">El visor te permite localizar un \u00e1rea de tu inter\u00e9s particular, conocer qu\u00e9 AP y OMEC existen, y relacionar su ubicaci\u00f3n espacial, tama\u00f1o y dimensiones territoriales con la situaci\u00f3n de implementaci\u00f3n descrita en la Plataforma. A la vez, podr\u00e1s habilitar o deshabilitar otras capas tem\u00e1ticas que permiten relacionar esas AP o un \u00e1rea determinada que selecciones, con las tipolog\u00edas de bosque y ambientes naturales cartografiados, mapas de riesgo o fragilidad, diferentes cartograf\u00edas de planificaci\u00f3n de uso del suelo existentes, otros conflictos, entre la diversa informaci\u00f3n que planeamos compartir con esta herramienta.<\/p>\n\n\n\n<p>A continuaci\u00f3n, pod\u00e9s acceder a las versiones integradas en nuestra web:<\/p>\n\n\n\n<figure class=\"wp-block-image size-large\"><img loading=\"lazy\" decoding=\"async\" width=\"1024\" height=\"307\" src=\"https:\/\/monitoreoareasprotegidas.net.ar\/map\/wp-content\/uploads\/2021\/10\/Nacionales-banner-2-1024x307.jpg\" alt=\"\" class=\"wp-image-2389\" srcset=\"https:\/\/monitoreoareasprotegidas.net.ar\/map\/wp-content\/uploads\/2021\/10\/Nacionales-banner-2-1024x307.jpg 1024w, https:\/\/monitoreoareasprotegidas.net.ar\/map\/wp-content\/uploads\/2021\/10\/Nacionales-banner-2-300x90.jpg 300w, https:\/\/monitoreoareasprotegidas.net.ar\/map\/wp-content\/uploads\/2021\/10\/Nacionales-banner-2-768x230.jpg 768w, https:\/\/monitoreoareasprotegidas.net.ar\/map\/wp-content\/uploads\/2021\/10\/Nacionales-banner-2-1536x461.jpg 1536w, https:\/\/monitoreoareasprotegidas.net.ar\/map\/wp-content\/uploads\/2021\/10\/Nacionales-banner-2.jpg 2000w\" sizes=\"auto, (max-width: 767px) 89vw, (max-width: 1000px) 54vw, (max-width: 1071px) 543px, 580px\" \/><\/figure>\n\n\n\n<style>.embed-container {position: relative; padding-bottom: 100%; height: 0; max-width: 100%;} .embed-container iframe, .embed-container object, .embed-container iframe{position: absolute; top: 0; left: 0; width: 100%; height: 100%;} small{position: absolute; z-index: 40; bottom: 0; margin-bottom: -15px;}<\/style><div class=\"embed-container\"><small><a href=\"\/\/www.arcgis.com\/apps\/Embed\/index.html?webmap=5a790a760e1a465a99768164c70c90e7&#038;extent=-103.1604,-60.9497,-6.1291,-16.7583&#038;home=true&#038;zoom=true&#038;scale=true&#038;search=true&#038;searchextent=true&#038;details=true&#038;legendlayers=true&#038;active_panel=details&#038;basemap_gallery=true&#038;disable_scroll=false&#038;theme=light\" style=\"color:#0000FF;text-align:left\" target=\"_blank\" rel=\"noopener\">Ver mapa m\u00e1s grande<\/a><\/small><br><iframe loading=\"lazy\" width=\"500\" height=\"500\" frameborder=\"0\" scrolling=\"no\" marginheight=\"0\" marginwidth=\"0\" title=\"\u00c1reas Protegidas de Argentina\" src=\"\/\/www.arcgis.com\/apps\/Embed\/index.html?webmap=5a790a760e1a465a99768164c70c90e7&#038;extent=-103.1604,-60.9497,-6.1291,-16.7583&#038;home=true&#038;zoom=true&#038;previewImage=false&#038;scale=true&#038;search=true&#038;searchextent=true&#038;details=true&#038;legendlayers=true&#038;active_panel=details&#038;basemap_gallery=true&#038;disable_scroll=false&#038;theme=light\"><\/iframe><\/div>\n\n\n\n<p><\/p>\n\n\n\n<p class=\"has-text-align-center\">La lista actual de capas tem\u00e1ticas incluidas pod\u00e9s consultarla aqu\u00ed: <a href=\"https:\/\/www.arcgis.com\/home\/item.html?id=5a790a760e1a465a99768164c70c90e7\" data-type=\"URL\" data-id=\"https:\/\/www.arcgis.com\/home\/item.html?id=5a790a760e1a465a99768164c70c90e7\" target=\"_blank\" rel=\"noreferrer noopener\">Detalles del mapa<\/a><\/p>\n\n\n\n<p class=\"has-text-align-center has-small-font-size\">Subiremos nueva informaci\u00f3n espacial al visor a medida que accedamos a diferentes producciones cartogr\u00e1ficas publicadas (de acceso libre o producci\u00f3n propia).<\/p>\n\n\n\n<div style=\"height:30px\" aria-hidden=\"true\" class=\"wp-block-spacer\"><\/div>\n\n\n\n<figure class=\"wp-block-image size-large\"><img loading=\"lazy\" decoding=\"async\" width=\"1024\" height=\"307\" src=\"https:\/\/monitoreoareasprotegidas.net.ar\/map\/wp-content\/uploads\/2021\/10\/Cordoba-banner-4-1024x307.jpg\" alt=\"\" class=\"wp-image-2312\" srcset=\"https:\/\/monitoreoareasprotegidas.net.ar\/map\/wp-content\/uploads\/2021\/10\/Cordoba-banner-4-1024x307.jpg 1024w, https:\/\/monitoreoareasprotegidas.net.ar\/map\/wp-content\/uploads\/2021\/10\/Cordoba-banner-4-300x90.jpg 300w, https:\/\/monitoreoareasprotegidas.net.ar\/map\/wp-content\/uploads\/2021\/10\/Cordoba-banner-4-768x230.jpg 768w, https:\/\/monitoreoareasprotegidas.net.ar\/map\/wp-content\/uploads\/2021\/10\/Cordoba-banner-4-1536x461.jpg 1536w, https:\/\/monitoreoareasprotegidas.net.ar\/map\/wp-content\/uploads\/2021\/10\/Cordoba-banner-4.jpg 2000w\" sizes=\"auto, (max-width: 767px) 89vw, (max-width: 1000px) 54vw, (max-width: 1071px) 543px, 580px\" \/><\/figure>\n\n\n\n<style>.embed-container {position: relative; padding-bottom: 100%; height: 0; max-width: 100%;} .embed-container iframe, .embed-container object, .embed-container iframe{position: absolute; top: 0; left: 0; width: 100%; height: 100%;} small{position: absolute; z-index: 40; bottom: 0; margin-bottom: -15px;}<\/style><div class=\"embed-container\"><small><a href=\"\/\/www.arcgis.com\/apps\/Embed\/index.html?webmap=3f72d161a3e045df860d974911165720&#038;extent=-69.8539,-35.3519,-56.3627,-29.2563&#038;home=true&#038;zoom=true&#038;scale=true&#038;search=true&#038;searchextent=true&#038;details=true&#038;legendlayers=true&#038;active_panel=legend&#038;basemap_gallery=true&#038;disable_scroll=true&#038;theme=light\" style=\"color:#0000FF;text-align:left\" target=\"_blank\" rel=\"noopener\">Ver mapa m\u00e1s grande<\/a><\/small><br><iframe loading=\"lazy\" width=\"500\" height=\"500\" frameborder=\"0\" scrolling=\"no\" marginheight=\"0\" marginwidth=\"0\" title=\"\u00c1reas Protegidas de C\u00f3rdoba\" src=\"\/\/www.arcgis.com\/apps\/Embed\/index.html?webmap=3f72d161a3e045df860d974911165720&#038;extent=-69.8539,-35.3519,-56.3627,-29.2563&#038;home=true&#038;zoom=true&#038;previewImage=false&#038;scale=true&#038;search=true&#038;searchextent=true&#038;details=true&#038;legendlayers=true&#038;active_panel=legend&#038;basemap_gallery=true&#038;disable_scroll=true&#038;theme=light\"><\/iframe><\/div>\n\n\n\n<p><\/p>\n\n\n\n<p class=\"has-text-align-center\">La lista actual de capas tem\u00e1ticas incluidas pod\u00e9s consultarla aqu\u00ed: <a rel=\"noreferrer noopener\" href=\"https:\/\/www.arcgis.com\/home\/item.html?id=3f72d161a3e045df860d974911165720\" target=\"_blank\">Detalles del mapa<\/a><\/p>\n\n\n\n<p class=\"has-text-align-center has-small-font-size\">Subiremos nueva informaci\u00f3n espacial al visor a medida que accedamos a diferentes producciones cartogr\u00e1ficas publicadas (de acceso libre o producci\u00f3n propia).<\/p>\n\n\n\n<div style=\"height:30px\" aria-hidden=\"true\" class=\"wp-block-spacer\"><\/div>\n\n\n<div class=\"wp-block-image\">\n<figure class=\"alignleft size-large is-resized\"><a href=\"https:\/\/monitoreoareasprotegidas.net.ar\/map\/wp-content\/uploads\/2021\/03\/Tapa_ayuda_visor.jpg\"><img loading=\"lazy\" decoding=\"async\" width=\"1024\" height=\"721\" src=\"https:\/\/monitoreoareasprotegidas.net.ar\/map\/wp-content\/uploads\/2021\/03\/Tapa_ayuda_visor-1024x721.jpg\" alt=\"\" class=\"wp-image-1046\" style=\"width:207px;height:145px\" srcset=\"https:\/\/monitoreoareasprotegidas.net.ar\/map\/wp-content\/uploads\/2021\/03\/Tapa_ayuda_visor-1024x721.jpg 1024w, https:\/\/monitoreoareasprotegidas.net.ar\/map\/wp-content\/uploads\/2021\/03\/Tapa_ayuda_visor-300x211.jpg 300w, https:\/\/monitoreoareasprotegidas.net.ar\/map\/wp-content\/uploads\/2021\/03\/Tapa_ayuda_visor-768x541.jpg 768w, https:\/\/monitoreoareasprotegidas.net.ar\/map\/wp-content\/uploads\/2021\/03\/Tapa_ayuda_visor.jpg 1103w\" sizes=\"auto, (max-width: 767px) 89vw, (max-width: 1000px) 54vw, (max-width: 1071px) 543px, 580px\" \/><\/a><\/figure>\n<\/div>\n\n\n<p class=\"has-text-align-left\"><strong>Pod\u00e9s bajar una explicaci\u00f3n sencilla de c\u00f3mo usar este visor aqu\u00ed<\/strong>: <a rel=\"noreferrer noopener\" href=\"https:\/\/drive.google.com\/file\/d\/15C6UAI3IRJp_K4pi_sSg7xigc_Lda9-8\/view?usp=sharing\" target=\"_blank\">PDF (2Mb<\/a>)<\/p>\n\n\n\n<div style=\"height:30px\" aria-hidden=\"true\" class=\"wp-block-spacer\"><\/div>\n\n\n\n<hr class=\"wp-block-separator has-css-opacity\"\/>\n\n\n\n<p class=\"has-text-align-center\">Pod\u00e9s descargar todos los <strong>l\u00edmites de AP<\/strong> en formato <strong>Shape<\/strong> o <strong>KML<\/strong> <br>(con Metadatos de cr\u00e9ditos, autor\u00edas y t\u00e9rminos de producci\u00f3n cartogr\u00e1fica), desde nuestra Secci\u00f3n \u00ab<strong><a rel=\"noreferrer noopener\" href=\"https:\/\/monitoreoareasprotegidas.net.ar\/map\/publicaciones\" target=\"_blank\">Publicaciones recomendadas<\/a><\/strong>\u00bb en sus primeros apartados.<\/p>\n\n\n\n<hr class=\"wp-block-separator has-css-opacity\"\/>\n\n\n\n<div style=\"height:30px\" aria-hidden=\"true\" class=\"wp-block-spacer\"><\/div>\n\n\n\n<p class=\"has-text-align-center\"><strong><em>Sea en nuestras Secciones <a href=\"https:\/\/monitoreoareasprotegidas.net.ar\/map\/herramientas-de-participacion-ciudadana\/\" data-type=\"URL\" data-id=\"https:\/\/monitoreoareasprotegidas.net.ar\/map\/herramientas-de-participacion-ciudadana\/\">Herramientas de participaci\u00f3n ciudadana<\/a>, <a href=\"https:\/\/monitoreoareasprotegidas.net.ar\/map\/publicaciones\/\">Publicaciones <strong><em>recomendadas<\/em><\/strong><\/a> o <a href=\"https:\/\/monitoreoareasprotegidas.net.ar\/map\/sitios-relacionados\/\">Sitios relacionados<\/a><strong>, iremos brindando m\u00e1s informaci\u00f3n o desarrollando ejemplos de usos y procesos de trabajo relacionados a la incorporaci\u00f3n de la cartograf\u00eda digital en la planificaci\u00f3n y la acci\u00f3n.<\/strong><\/em><\/strong><\/p>\n\n\n\n<p class=\"has-text-align-center\"><em><em>Los mapas, la cartograf\u00eda, la informaci\u00f3n espacial, fueron a trav\u00e9s de los siglos no solo herramientas de comunicaci\u00f3n y representaci\u00f3n del mundo, sino verdaderos instrumentos en las relaciones de poder durante la historia de la humanidad. Con la llegada de las tecnolog\u00edas digitales actuales -la Teledetecci\u00f3n, los Sistemas de Informaci\u00f3n Geogr\u00e1fica (SIG o GIS), las Infraestructuras de Datos Espaciales (IDE)-, la cartograf\u00eda se ha vuelto muy accesible a las\/los actores que han decidido hacer uso de su potencial. Creemos que hay que ocupar esos campos de conocimiento y sus herramientas -en sus m\u00faltiples formas-, y acercarlos a los territorios en conflicto.<\/em><\/em><\/p>\n","protected":false},"excerpt":{"rendered":"<p>Por medio de la aplicaci\u00f3n de visor cartogr\u00e1fico de ArcGIS Online\u00ae, podr\u00e1s navegar de manera din\u00e1mica en la cartograf\u00eda de las \u00c1reas Protegidas y OMEC de Argentina y de las distintas provincias o territorios de monitoreo, con informaci\u00f3n de diferentes atributos naturales y culturales de los mismos, en cuanto a las problem\u00e1ticas y conflictos relacionados &hellip; <\/p>\n<p class=\"link-more\"><a href=\"https:\/\/monitoreoareasprotegidas.net.ar\/map\/visor-cartografico\/\" class=\"more-link\">Continuar leyendo<span class=\"screen-reader-text\"> \u00abVisor cartogr\u00e1fico\u00bb<\/span><\/a><\/p>\n","protected":false},"author":2,"featured_media":0,"parent":0,"menu_order":4,"comment_status":"closed","ping_status":"closed","template":"","meta":{"_seopress_robots_primary_cat":"","_seopress_titles_title":"","_seopress_titles_desc":"","_seopress_robots_index":"","footnotes":""},"class_list":["post-31","page","type-page","status-publish","hentry"],"jetpack_sharing_enabled":true,"_links":{"self":[{"href":"https:\/\/monitoreoareasprotegidas.net.ar\/map\/wp-json\/wp\/v2\/pages\/31","targetHints":{"allow":["GET"]}}],"collection":[{"href":"https:\/\/monitoreoareasprotegidas.net.ar\/map\/wp-json\/wp\/v2\/pages"}],"about":[{"href":"https:\/\/monitoreoareasprotegidas.net.ar\/map\/wp-json\/wp\/v2\/types\/page"}],"author":[{"embeddable":true,"href":"https:\/\/monitoreoareasprotegidas.net.ar\/map\/wp-json\/wp\/v2\/users\/2"}],"replies":[{"embeddable":true,"href":"https:\/\/monitoreoareasprotegidas.net.ar\/map\/wp-json\/wp\/v2\/comments?post=31"}],"version-history":[{"count":44,"href":"https:\/\/monitoreoareasprotegidas.net.ar\/map\/wp-json\/wp\/v2\/pages\/31\/revisions"}],"predecessor-version":[{"id":3485,"href":"https:\/\/monitoreoareasprotegidas.net.ar\/map\/wp-json\/wp\/v2\/pages\/31\/revisions\/3485"}],"wp:attachment":[{"href":"https:\/\/monitoreoareasprotegidas.net.ar\/map\/wp-json\/wp\/v2\/media?parent=31"}],"curies":[{"name":"wp","href":"https:\/\/api.w.org\/{rel}","templated":true}]}}