{"id":2054,"date":"2021-09-11T20:28:13","date_gmt":"2021-09-11T23:28:13","guid":{"rendered":"https:\/\/monitoreoareasprotegidas.net.ar\/map\/?page_id=2054"},"modified":"2025-03-08T21:19:12","modified_gmt":"2025-03-09T00:19:12","slug":"comunidad-maper","status":"publish","type":"page","link":"https:\/\/monitoreoareasprotegidas.net.ar\/map\/comunidad-maper\/","title":{"rendered":"Comunidad MAPer"},"content":{"rendered":"\n<figure class=\"wp-block-image size-large\"><a href=\"https:\/\/monitoreoareasprotegidas.net.ar\/map\/wp-content\/uploads\/2021\/10\/Comunidad-MAPer-banner-color-1.jpg\"><img loading=\"lazy\" decoding=\"async\" width=\"1024\" height=\"430\" src=\"https:\/\/monitoreoareasprotegidas.net.ar\/map\/wp-content\/uploads\/2021\/10\/Comunidad-MAPer-banner-color-1-1024x430.jpg\" alt=\"\" class=\"wp-image-2226\" srcset=\"https:\/\/monitoreoareasprotegidas.net.ar\/map\/wp-content\/uploads\/2021\/10\/Comunidad-MAPer-banner-color-1-1024x430.jpg 1024w, https:\/\/monitoreoareasprotegidas.net.ar\/map\/wp-content\/uploads\/2021\/10\/Comunidad-MAPer-banner-color-1-300x126.jpg 300w, https:\/\/monitoreoareasprotegidas.net.ar\/map\/wp-content\/uploads\/2021\/10\/Comunidad-MAPer-banner-color-1-768x323.jpg 768w, https:\/\/monitoreoareasprotegidas.net.ar\/map\/wp-content\/uploads\/2021\/10\/Comunidad-MAPer-banner-color-1-1536x645.jpg 1536w, https:\/\/monitoreoareasprotegidas.net.ar\/map\/wp-content\/uploads\/2021\/10\/Comunidad-MAPer-banner-color-1.jpg 2000w\" sizes=\"auto, (max-width: 767px) 89vw, (max-width: 1000px) 54vw, (max-width: 1071px) 543px, 580px\" \/><\/a><\/figure>\n\n\n\n<p class=\"has-text-align-center\" style=\"font-size:28px\"><strong><em>\u00a1Bienvenido\/a\/e!<\/em><\/strong><\/p>\n\n\n\n<p class=\"has-text-align-justify justificar\">La <strong>Comunidad MAPer<\/strong> est\u00e1 formada por distintas personas que apoyan este proyecto. Para unirte y formar parte de ella pod\u00e9s hacerlo a trav\u00e9s de una <strong>suscripci\u00f3n anual<\/strong> muy accesible por medio de <strong>Mercado Pago<\/strong>.<\/p>\n\n\n\n<p class=\"has-text-align-justify justificar\">Este significativo aporte nos permite sostener nuestro trabajo de manera colectiva, entablando un canal de comunicaci\u00f3n con vos y la comunidad, de una manera m\u00e1s directa y sin intermediarios, lo cual nos permitir\u00e1 mejorar y ampliar nuestra perspectiva de abordaje sobre lo que ocurre en nuestros territorios<\/p>\n\n\n\n<p class=\"has-text-align-center\"><\/p>\n\n\n\n<p class=\"has-text-align-center\">Ingres\u00e1 a este link para adherirte:<\/p>\n\n\n<div class=\"wp-block-image is-resized\">\n<figure class=\"aligncenter size-large\"><a href=\"https:\/\/www.mercadopago.com.ar\/subscriptions\/checkout?preapproval_plan_id=2c9380847ac5c717017b17ff35ad3f0f\" target=\"_blank\" rel=\"noopener\"><img loading=\"lazy\" decoding=\"async\" width=\"405\" height=\"131\" src=\"https:\/\/monitoreoareasprotegidas.net.ar\/map\/wp-content\/uploads\/2021\/08\/4-1.jpg\" alt=\"\" class=\"wp-image-1930\" srcset=\"https:\/\/monitoreoareasprotegidas.net.ar\/map\/wp-content\/uploads\/2021\/08\/4-1.jpg 405w, https:\/\/monitoreoareasprotegidas.net.ar\/map\/wp-content\/uploads\/2021\/08\/4-1-300x97.jpg 300w, https:\/\/monitoreoareasprotegidas.net.ar\/map\/wp-content\/uploads\/2021\/08\/4-1-350x113.jpg 350w\" sizes=\"auto, (max-width: 405px) 100vw, 405px\" \/><\/a><\/figure>\n<\/div>\n\n\n<p class=\"has-text-align-center\"><br><em>No recibimos financiamiento de ning\u00fan gobierno y apostamos a desarrollar estrategias de financiamiento colectivo que promuevan no solo la colaboraci\u00f3n con nuestra Plataforma, sino adem\u00e1s la comunicaci\u00f3n, el encuentro y el reconocimiento mutuo con quienes nos ayudan a realizar este trabajo.<\/em><\/p>\n","protected":false},"excerpt":{"rendered":"<p>\u00a1Bienvenido\/a\/e! La Comunidad MAPer est\u00e1 formada por distintas personas que apoyan este proyecto. Para unirte y formar parte de ella pod\u00e9s hacerlo a trav\u00e9s de una suscripci\u00f3n anual muy accesible por medio de Mercado Pago. Este significativo aporte nos permite sostener nuestro trabajo de manera colectiva, entablando un canal de comunicaci\u00f3n con vos y la &hellip; <\/p>\n<p class=\"link-more\"><a href=\"https:\/\/monitoreoareasprotegidas.net.ar\/map\/comunidad-maper\/\" class=\"more-link\">Continuar leyendo<span class=\"screen-reader-text\"> \u00abComunidad MAPer\u00bb<\/span><\/a><\/p>\n","protected":false},"author":2,"featured_media":0,"parent":0,"menu_order":0,"comment_status":"closed","ping_status":"closed","template":"","meta":{"_seopress_robots_primary_cat":"","_seopress_titles_title":"","_seopress_titles_desc":"","_seopress_robots_index":"","footnotes":""},"class_list":["post-2054","page","type-page","status-publish","hentry"],"jetpack_sharing_enabled":true,"_links":{"self":[{"href":"https:\/\/monitoreoareasprotegidas.net.ar\/map\/wp-json\/wp\/v2\/pages\/2054","targetHints":{"allow":["GET"]}}],"collection":[{"href":"https:\/\/monitoreoareasprotegidas.net.ar\/map\/wp-json\/wp\/v2\/pages"}],"about":[{"href":"https:\/\/monitoreoareasprotegidas.net.ar\/map\/wp-json\/wp\/v2\/types\/page"}],"author":[{"embeddable":true,"href":"https:\/\/monitoreoareasprotegidas.net.ar\/map\/wp-json\/wp\/v2\/users\/2"}],"replies":[{"embeddable":true,"href":"https:\/\/monitoreoareasprotegidas.net.ar\/map\/wp-json\/wp\/v2\/comments?post=2054"}],"version-history":[{"count":21,"href":"https:\/\/monitoreoareasprotegidas.net.ar\/map\/wp-json\/wp\/v2\/pages\/2054\/revisions"}],"predecessor-version":[{"id":3254,"href":"https:\/\/monitoreoareasprotegidas.net.ar\/map\/wp-json\/wp\/v2\/pages\/2054\/revisions\/3254"}],"wp:attachment":[{"href":"https:\/\/monitoreoareasprotegidas.net.ar\/map\/wp-json\/wp\/v2\/media?parent=2054"}],"curies":[{"name":"wp","href":"https:\/\/api.w.org\/{rel}","templated":true}]}}