{"id":1635,"date":"2021-09-25T20:33:15","date_gmt":"2021-09-25T23:33:15","guid":{"rendered":"https:\/\/monitoreoareasprotegidas.net.ar\/map\/?page_id=1635"},"modified":"2025-03-13T18:09:39","modified_gmt":"2025-03-13T21:09:39","slug":"galeria","status":"publish","type":"page","link":"https:\/\/monitoreoareasprotegidas.net.ar\/map\/galeria\/","title":{"rendered":"Galer\u00eda de im\u00e1genes"},"content":{"rendered":"\n<p class=\"has-text-align-center\"><em>Te contamos cuales son las APs retratadas y cuyas im\u00e1genes usamos como portadas en Plataforma MAP<\/em><\/p>\n\n\n\n<div class=\"wp-block-jetpack-slideshow aligncenter\" data-autoplay=\"true\" data-delay=\"3\" data-effect=\"fade\"><div class=\"wp-block-jetpack-slideshow_container swiper-container\"><ul class=\"wp-block-jetpack-slideshow_swiper-wrapper swiper-wrapper\"><li class=\"wp-block-jetpack-slideshow_slide swiper-slide\"><figure><img loading=\"lazy\" decoding=\"async\" width=\"2000\" height=\"1339\" alt=\"\" class=\"wp-block-jetpack-slideshow_image wp-image-1121\" data-id=\"1121\" src=\"https:\/\/monitoreoareasprotegidas.net.ar\/map\/wp-content\/uploads\/2021\/03\/map-portada-con-foto7.jpg\" srcset=\"https:\/\/monitoreoareasprotegidas.net.ar\/map\/wp-content\/uploads\/2021\/03\/map-portada-con-foto7.jpg 2000w, https:\/\/monitoreoareasprotegidas.net.ar\/map\/wp-content\/uploads\/2021\/03\/map-portada-con-foto7-300x201.jpg 300w, https:\/\/monitoreoareasprotegidas.net.ar\/map\/wp-content\/uploads\/2021\/03\/map-portada-con-foto7-1024x686.jpg 1024w, https:\/\/monitoreoareasprotegidas.net.ar\/map\/wp-content\/uploads\/2021\/03\/map-portada-con-foto7-768x514.jpg 768w, https:\/\/monitoreoareasprotegidas.net.ar\/map\/wp-content\/uploads\/2021\/03\/map-portada-con-foto7-1536x1028.jpg 1536w\" sizes=\"(max-width: 767px) 89vw, (max-width: 1000px) 54vw, (max-width: 1071px) 543px, 580px\" \/><figcaption class=\"wp-block-jetpack-slideshow_caption gallery-caption\">Reserva Forestal Natural Uritorco (Capilla del Monte, C\u00f3rdoba). Foto: C. Schneider.<\/figcaption><\/figure><\/li><li class=\"wp-block-jetpack-slideshow_slide swiper-slide\"><figure><img loading=\"lazy\" decoding=\"async\" width=\"2000\" height=\"1339\" alt=\"\" class=\"wp-block-jetpack-slideshow_image wp-image-1119\" data-id=\"1119\" src=\"https:\/\/monitoreoareasprotegidas.net.ar\/map\/wp-content\/uploads\/2021\/03\/map-portada-con-foto6.jpg\" srcset=\"https:\/\/monitoreoareasprotegidas.net.ar\/map\/wp-content\/uploads\/2021\/03\/map-portada-con-foto6.jpg 2000w, https:\/\/monitoreoareasprotegidas.net.ar\/map\/wp-content\/uploads\/2021\/03\/map-portada-con-foto6-300x201.jpg 300w, https:\/\/monitoreoareasprotegidas.net.ar\/map\/wp-content\/uploads\/2021\/03\/map-portada-con-foto6-1024x686.jpg 1024w, https:\/\/monitoreoareasprotegidas.net.ar\/map\/wp-content\/uploads\/2021\/03\/map-portada-con-foto6-768x514.jpg 768w, https:\/\/monitoreoareasprotegidas.net.ar\/map\/wp-content\/uploads\/2021\/03\/map-portada-con-foto6-1536x1028.jpg 1536w\" sizes=\"(max-width: 767px) 89vw, (max-width: 1000px) 54vw, (max-width: 1071px) 543px, 580px\" \/><figcaption class=\"wp-block-jetpack-slideshow_caption gallery-caption\">Reserva de Uso M\u00faltiple Orco Quebracho y Cuenca Media del R\u00edo Quilpo y Reserva Arqueol\u00f3gica Quilpo (San Marcos Sierras, C\u00f3rdoba). Foto: C. Schneider.<\/figcaption><\/figure><\/li><li class=\"wp-block-jetpack-slideshow_slide swiper-slide\"><figure><img loading=\"lazy\" decoding=\"async\" width=\"2000\" height=\"1339\" alt=\"\" class=\"wp-block-jetpack-slideshow_image wp-image-1118\" data-id=\"1118\" src=\"https:\/\/monitoreoareasprotegidas.net.ar\/map\/wp-content\/uploads\/2021\/03\/map-portada-con-foto1.jpg\" srcset=\"https:\/\/monitoreoareasprotegidas.net.ar\/map\/wp-content\/uploads\/2021\/03\/map-portada-con-foto1.jpg 2000w, https:\/\/monitoreoareasprotegidas.net.ar\/map\/wp-content\/uploads\/2021\/03\/map-portada-con-foto1-300x201.jpg 300w, https:\/\/monitoreoareasprotegidas.net.ar\/map\/wp-content\/uploads\/2021\/03\/map-portada-con-foto1-1024x686.jpg 1024w, https:\/\/monitoreoareasprotegidas.net.ar\/map\/wp-content\/uploads\/2021\/03\/map-portada-con-foto1-768x514.jpg 768w, https:\/\/monitoreoareasprotegidas.net.ar\/map\/wp-content\/uploads\/2021\/03\/map-portada-con-foto1-1536x1028.jpg 1536w\" sizes=\"(max-width: 767px) 89vw, (max-width: 1000px) 54vw, (max-width: 1071px) 543px, 580px\" \/><figcaption class=\"wp-block-jetpack-slideshow_caption gallery-caption\">Reserva H\u00eddrica Natural La Quebrada (R\u00edo Ceballos, C\u00f3rdoba). Foto: C. Schneider.<\/figcaption><\/figure><\/li><li class=\"wp-block-jetpack-slideshow_slide swiper-slide\"><figure><img loading=\"lazy\" decoding=\"async\" width=\"2000\" height=\"1339\" alt=\"\" class=\"wp-block-jetpack-slideshow_image wp-image-1116\" data-id=\"1116\" src=\"https:\/\/monitoreoareasprotegidas.net.ar\/map\/wp-content\/uploads\/2021\/03\/map-portada-con-foto5.jpg\" srcset=\"https:\/\/monitoreoareasprotegidas.net.ar\/map\/wp-content\/uploads\/2021\/03\/map-portada-con-foto5.jpg 2000w, https:\/\/monitoreoareasprotegidas.net.ar\/map\/wp-content\/uploads\/2021\/03\/map-portada-con-foto5-300x201.jpg 300w, https:\/\/monitoreoareasprotegidas.net.ar\/map\/wp-content\/uploads\/2021\/03\/map-portada-con-foto5-1024x686.jpg 1024w, https:\/\/monitoreoareasprotegidas.net.ar\/map\/wp-content\/uploads\/2021\/03\/map-portada-con-foto5-768x514.jpg 768w, https:\/\/monitoreoareasprotegidas.net.ar\/map\/wp-content\/uploads\/2021\/03\/map-portada-con-foto5-1536x1028.jpg 1536w\" sizes=\"(max-width: 767px) 89vw, (max-width: 1000px) 54vw, (max-width: 1071px) 543px, 580px\" \/><figcaption class=\"wp-block-jetpack-slideshow_caption gallery-caption\">Refugio de Vida Silvestre Los Barrancos (Luyaba, C\u00f3rdoba). Foto: C. Schneider.<\/figcaption><\/figure><\/li><li class=\"wp-block-jetpack-slideshow_slide swiper-slide\"><figure><img loading=\"lazy\" decoding=\"async\" width=\"2000\" height=\"1339\" alt=\"\" class=\"wp-block-jetpack-slideshow_image wp-image-1115\" data-id=\"1115\" src=\"https:\/\/monitoreoareasprotegidas.net.ar\/map\/wp-content\/uploads\/2021\/03\/map-portada-con-foto4.jpg\" srcset=\"https:\/\/monitoreoareasprotegidas.net.ar\/map\/wp-content\/uploads\/2021\/03\/map-portada-con-foto4.jpg 2000w, https:\/\/monitoreoareasprotegidas.net.ar\/map\/wp-content\/uploads\/2021\/03\/map-portada-con-foto4-300x201.jpg 300w, https:\/\/monitoreoareasprotegidas.net.ar\/map\/wp-content\/uploads\/2021\/03\/map-portada-con-foto4-1024x686.jpg 1024w, https:\/\/monitoreoareasprotegidas.net.ar\/map\/wp-content\/uploads\/2021\/03\/map-portada-con-foto4-768x514.jpg 768w, https:\/\/monitoreoareasprotegidas.net.ar\/map\/wp-content\/uploads\/2021\/03\/map-portada-con-foto4-1536x1028.jpg 1536w\" sizes=\"(max-width: 767px) 89vw, (max-width: 1000px) 54vw, (max-width: 1071px) 543px, 580px\" \/><figcaption class=\"wp-block-jetpack-slideshow_caption gallery-caption\">Reserva de Uso M\u00faltiple Ba\u00f1ados del R\u00edo Dulce y Lag. Mar Chiquita (C\u00f3rdoba). Foto: C. Schneider.<\/figcaption><\/figure><\/li><li class=\"wp-block-jetpack-slideshow_slide swiper-slide\"><figure><img loading=\"lazy\" decoding=\"async\" width=\"2000\" height=\"1339\" alt=\"\" class=\"wp-block-jetpack-slideshow_image wp-image-1114\" data-id=\"1114\" src=\"https:\/\/monitoreoareasprotegidas.net.ar\/map\/wp-content\/uploads\/2021\/03\/map-portada-con-foto3.jpg\" srcset=\"https:\/\/monitoreoareasprotegidas.net.ar\/map\/wp-content\/uploads\/2021\/03\/map-portada-con-foto3.jpg 2000w, https:\/\/monitoreoareasprotegidas.net.ar\/map\/wp-content\/uploads\/2021\/03\/map-portada-con-foto3-300x201.jpg 300w, https:\/\/monitoreoareasprotegidas.net.ar\/map\/wp-content\/uploads\/2021\/03\/map-portada-con-foto3-1024x686.jpg 1024w, https:\/\/monitoreoareasprotegidas.net.ar\/map\/wp-content\/uploads\/2021\/03\/map-portada-con-foto3-768x514.jpg 768w, https:\/\/monitoreoareasprotegidas.net.ar\/map\/wp-content\/uploads\/2021\/03\/map-portada-con-foto3-1536x1028.jpg 1536w\" sizes=\"(max-width: 767px) 89vw, (max-width: 1000px) 54vw, (max-width: 1071px) 543px, 580px\" \/><figcaption class=\"wp-block-jetpack-slideshow_caption gallery-caption\">Parque y Reserva Nacional Quebrada del Condorito (C\u00f3rdoba). Foto: C. Schneider.<\/figcaption><\/figure><\/li><li class=\"wp-block-jetpack-slideshow_slide swiper-slide\"><figure><img loading=\"lazy\" decoding=\"async\" width=\"2000\" height=\"1339\" alt=\"\" class=\"wp-block-jetpack-slideshow_image wp-image-1113\" data-id=\"1113\" src=\"https:\/\/monitoreoareasprotegidas.net.ar\/map\/wp-content\/uploads\/2021\/03\/map-portada-con-foto2.jpg\" srcset=\"https:\/\/monitoreoareasprotegidas.net.ar\/map\/wp-content\/uploads\/2021\/03\/map-portada-con-foto2.jpg 2000w, https:\/\/monitoreoareasprotegidas.net.ar\/map\/wp-content\/uploads\/2021\/03\/map-portada-con-foto2-300x201.jpg 300w, https:\/\/monitoreoareasprotegidas.net.ar\/map\/wp-content\/uploads\/2021\/03\/map-portada-con-foto2-1024x686.jpg 1024w, https:\/\/monitoreoareasprotegidas.net.ar\/map\/wp-content\/uploads\/2021\/03\/map-portada-con-foto2-768x514.jpg 768w, https:\/\/monitoreoareasprotegidas.net.ar\/map\/wp-content\/uploads\/2021\/03\/map-portada-con-foto2-1536x1028.jpg 1536w\" sizes=\"(max-width: 767px) 89vw, (max-width: 1000px) 54vw, (max-width: 1071px) 543px, 580px\" \/><figcaption class=\"wp-block-jetpack-slideshow_caption gallery-caption\">Parque y Reserva Forestal Natural Chancan\u00ed (Chancan\u00ed, C\u00f3rdoba). Foto: C. Schneider.<\/figcaption><\/figure><\/li><li class=\"wp-block-jetpack-slideshow_slide swiper-slide\"><figure><img loading=\"lazy\" decoding=\"async\" width=\"2560\" height=\"1714\" alt=\"\" class=\"wp-block-jetpack-slideshow_image wp-image-3296\" data-id=\"3296\" src=\"https:\/\/monitoreoareasprotegidas.net.ar\/map\/wp-content\/uploads\/2025\/03\/PN-Aconquija-Cristian-Schneider-scaled.jpg\" srcset=\"https:\/\/monitoreoareasprotegidas.net.ar\/map\/wp-content\/uploads\/2025\/03\/PN-Aconquija-Cristian-Schneider-scaled.jpg 2560w, https:\/\/monitoreoareasprotegidas.net.ar\/map\/wp-content\/uploads\/2025\/03\/PN-Aconquija-Cristian-Schneider-300x201.jpg 300w, https:\/\/monitoreoareasprotegidas.net.ar\/map\/wp-content\/uploads\/2025\/03\/PN-Aconquija-Cristian-Schneider-1024x685.jpg 1024w, https:\/\/monitoreoareasprotegidas.net.ar\/map\/wp-content\/uploads\/2025\/03\/PN-Aconquija-Cristian-Schneider-768x514.jpg 768w, https:\/\/monitoreoareasprotegidas.net.ar\/map\/wp-content\/uploads\/2025\/03\/PN-Aconquija-Cristian-Schneider-1536x1028.jpg 1536w, https:\/\/monitoreoareasprotegidas.net.ar\/map\/wp-content\/uploads\/2025\/03\/PN-Aconquija-Cristian-Schneider-2048x1371.jpg 2048w, https:\/\/monitoreoareasprotegidas.net.ar\/map\/wp-content\/uploads\/2025\/03\/PN-Aconquija-Cristian-Schneider-272x182.jpg 272w\" sizes=\"(max-width: 767px) 89vw, (max-width: 1000px) 54vw, (max-width: 1071px) 543px, 580px\" \/><figcaption class=\"wp-block-jetpack-slideshow_caption gallery-caption\">Parque Nacional Aconquija (Tucum\u00e1n). Foto: C. Schneider<\/figcaption><\/figure><\/li><li class=\"wp-block-jetpack-slideshow_slide swiper-slide\"><figure><img loading=\"lazy\" decoding=\"async\" width=\"2560\" height=\"1714\" alt=\"\" class=\"wp-block-jetpack-slideshow_image wp-image-2336\" data-id=\"2336\" src=\"https:\/\/monitoreoareasprotegidas.net.ar\/map\/wp-content\/uploads\/2021\/10\/map-portada-con-foto15-scaled.jpg\" srcset=\"https:\/\/monitoreoareasprotegidas.net.ar\/map\/wp-content\/uploads\/2021\/10\/map-portada-con-foto15-scaled.jpg 2560w, https:\/\/monitoreoareasprotegidas.net.ar\/map\/wp-content\/uploads\/2021\/10\/map-portada-con-foto15-300x201.jpg 300w, https:\/\/monitoreoareasprotegidas.net.ar\/map\/wp-content\/uploads\/2021\/10\/map-portada-con-foto15-1024x686.jpg 1024w, https:\/\/monitoreoareasprotegidas.net.ar\/map\/wp-content\/uploads\/2021\/10\/map-portada-con-foto15-768x514.jpg 768w, https:\/\/monitoreoareasprotegidas.net.ar\/map\/wp-content\/uploads\/2021\/10\/map-portada-con-foto15-1536x1028.jpg 1536w, https:\/\/monitoreoareasprotegidas.net.ar\/map\/wp-content\/uploads\/2021\/10\/map-portada-con-foto15-2048x1371.jpg 2048w\" sizes=\"(max-width: 767px) 89vw, (max-width: 1000px) 54vw, (max-width: 1071px) 543px, 580px\" \/><figcaption class=\"wp-block-jetpack-slideshow_caption gallery-caption\">Parque y Reserva Nacional Quebrada del Condorito (C\u00f3rdoba). Foto: C. Schneider.<\/figcaption><\/figure><\/li><li class=\"wp-block-jetpack-slideshow_slide swiper-slide\"><figure><img loading=\"lazy\" decoding=\"async\" width=\"2560\" height=\"1714\" alt=\"\" class=\"wp-block-jetpack-slideshow_image wp-image-2335\" data-id=\"2335\" src=\"https:\/\/monitoreoareasprotegidas.net.ar\/map\/wp-content\/uploads\/2021\/10\/map-portada-con-foto14-scaled.jpg\" srcset=\"https:\/\/monitoreoareasprotegidas.net.ar\/map\/wp-content\/uploads\/2021\/10\/map-portada-con-foto14-scaled.jpg 2560w, https:\/\/monitoreoareasprotegidas.net.ar\/map\/wp-content\/uploads\/2021\/10\/map-portada-con-foto14-300x201.jpg 300w, https:\/\/monitoreoareasprotegidas.net.ar\/map\/wp-content\/uploads\/2021\/10\/map-portada-con-foto14-1024x686.jpg 1024w, https:\/\/monitoreoareasprotegidas.net.ar\/map\/wp-content\/uploads\/2021\/10\/map-portada-con-foto14-768x514.jpg 768w, https:\/\/monitoreoareasprotegidas.net.ar\/map\/wp-content\/uploads\/2021\/10\/map-portada-con-foto14-1536x1028.jpg 1536w, https:\/\/monitoreoareasprotegidas.net.ar\/map\/wp-content\/uploads\/2021\/10\/map-portada-con-foto14-2048x1371.jpg 2048w\" sizes=\"(max-width: 767px) 89vw, (max-width: 1000px) 54vw, (max-width: 1071px) 543px, 580px\" \/><figcaption class=\"wp-block-jetpack-slideshow_caption gallery-caption\">Reserva H\u00eddrica y Recreativa Natural de Villa Allende &#8211; (Villa Allende, C\u00f3rdoba). Foto: C. Schneider<\/figcaption><\/figure><\/li><li class=\"wp-block-jetpack-slideshow_slide swiper-slide\"><figure><img loading=\"lazy\" decoding=\"async\" width=\"2000\" height=\"1347\" alt=\"\" class=\"wp-block-jetpack-slideshow_image wp-image-2337\" data-id=\"2337\" src=\"https:\/\/monitoreoareasprotegidas.net.ar\/map\/wp-content\/uploads\/2021\/10\/cropped-map-portada-con-foto8-scaled-1.jpg\" srcset=\"https:\/\/monitoreoareasprotegidas.net.ar\/map\/wp-content\/uploads\/2021\/10\/cropped-map-portada-con-foto8-scaled-1.jpg 2000w, https:\/\/monitoreoareasprotegidas.net.ar\/map\/wp-content\/uploads\/2021\/10\/cropped-map-portada-con-foto8-scaled-1-300x202.jpg 300w, https:\/\/monitoreoareasprotegidas.net.ar\/map\/wp-content\/uploads\/2021\/10\/cropped-map-portada-con-foto8-scaled-1-1024x690.jpg 1024w, https:\/\/monitoreoareasprotegidas.net.ar\/map\/wp-content\/uploads\/2021\/10\/cropped-map-portada-con-foto8-scaled-1-768x517.jpg 768w, https:\/\/monitoreoareasprotegidas.net.ar\/map\/wp-content\/uploads\/2021\/10\/cropped-map-portada-con-foto8-scaled-1-1536x1034.jpg 1536w\" sizes=\"(max-width: 767px) 89vw, (max-width: 1000px) 54vw, (max-width: 1071px) 543px, 580px\" \/><figcaption class=\"wp-block-jetpack-slideshow_caption gallery-caption\">Reserva H\u00eddrica Natural La Quebrada (R\u00edo Ceballos, C\u00f3rdoba). Foto: C. Schneider.<\/figcaption><\/figure><\/li><li class=\"wp-block-jetpack-slideshow_slide swiper-slide\"><figure><img loading=\"lazy\" decoding=\"async\" width=\"2000\" height=\"1339\" alt=\"\" class=\"wp-block-jetpack-slideshow_image wp-image-2339\" data-id=\"2339\" src=\"https:\/\/monitoreoareasprotegidas.net.ar\/map\/wp-content\/uploads\/2021\/10\/cropped-map-portada-con-foto9-scaled-1.jpg\" srcset=\"https:\/\/monitoreoareasprotegidas.net.ar\/map\/wp-content\/uploads\/2021\/10\/cropped-map-portada-con-foto9-scaled-1.jpg 2000w, https:\/\/monitoreoareasprotegidas.net.ar\/map\/wp-content\/uploads\/2021\/10\/cropped-map-portada-con-foto9-scaled-1-300x201.jpg 300w, https:\/\/monitoreoareasprotegidas.net.ar\/map\/wp-content\/uploads\/2021\/10\/cropped-map-portada-con-foto9-scaled-1-1024x686.jpg 1024w, https:\/\/monitoreoareasprotegidas.net.ar\/map\/wp-content\/uploads\/2021\/10\/cropped-map-portada-con-foto9-scaled-1-768x514.jpg 768w, https:\/\/monitoreoareasprotegidas.net.ar\/map\/wp-content\/uploads\/2021\/10\/cropped-map-portada-con-foto9-scaled-1-1536x1028.jpg 1536w\" sizes=\"(max-width: 767px) 89vw, (max-width: 1000px) 54vw, (max-width: 1071px) 543px, 580px\" \/><figcaption class=\"wp-block-jetpack-slideshow_caption gallery-caption\">Reserva Natural Vaquer\u00edas (Valle de Punilla, C\u00f3rdoba). Foto: C. Schneider.<\/figcaption><\/figure><\/li><li class=\"wp-block-jetpack-slideshow_slide swiper-slide\"><figure><img loading=\"lazy\" decoding=\"async\" width=\"2560\" height=\"1714\" alt=\"\" class=\"wp-block-jetpack-slideshow_image wp-image-2331\" data-id=\"2331\" src=\"https:\/\/monitoreoareasprotegidas.net.ar\/map\/wp-content\/uploads\/2021\/10\/map-portada-con-foto10-scaled.jpg\" srcset=\"https:\/\/monitoreoareasprotegidas.net.ar\/map\/wp-content\/uploads\/2021\/10\/map-portada-con-foto10-scaled.jpg 2560w, https:\/\/monitoreoareasprotegidas.net.ar\/map\/wp-content\/uploads\/2021\/10\/map-portada-con-foto10-300x201.jpg 300w, https:\/\/monitoreoareasprotegidas.net.ar\/map\/wp-content\/uploads\/2021\/10\/map-portada-con-foto10-1024x686.jpg 1024w, https:\/\/monitoreoareasprotegidas.net.ar\/map\/wp-content\/uploads\/2021\/10\/map-portada-con-foto10-768x514.jpg 768w, https:\/\/monitoreoareasprotegidas.net.ar\/map\/wp-content\/uploads\/2021\/10\/map-portada-con-foto10-1536x1028.jpg 1536w, https:\/\/monitoreoareasprotegidas.net.ar\/map\/wp-content\/uploads\/2021\/10\/map-portada-con-foto10-2048x1371.jpg 2048w\" sizes=\"(max-width: 767px) 89vw, (max-width: 1000px) 54vw, (max-width: 1071px) 543px, 580px\" \/><figcaption class=\"wp-block-jetpack-slideshow_caption gallery-caption\">Parque y Reserva Forestal Natural Chancan\u00ed (Chancan\u00ed, C\u00f3rdoba). Foto: C. Schneider.<\/figcaption><\/figure><\/li><\/ul><a class=\"wp-block-jetpack-slideshow_button-prev swiper-button-prev swiper-button-white\" role=\"button\"><\/a><a class=\"wp-block-jetpack-slideshow_button-next swiper-button-next swiper-button-white\" role=\"button\"><\/a><a aria-label=\"Pause Slideshow\" class=\"wp-block-jetpack-slideshow_button-pause\" role=\"button\"><\/a><div class=\"wp-block-jetpack-slideshow_pagination swiper-pagination swiper-pagination-white\"><\/div><\/div><\/div>\n\n\n\n<hr class=\"wp-block-separator has-css-opacity\"\/>\n\n\n\n<p><\/p>\n\n\n\n<p><\/p>\n","protected":false},"excerpt":{"rendered":"","protected":false},"author":2,"featured_media":0,"parent":0,"menu_order":0,"comment_status":"closed","ping_status":"closed","template":"","meta":{"_seopress_robots_primary_cat":"","_seopress_titles_title":"","_seopress_titles_desc":"","_seopress_robots_index":"","_seopress_analysis_target_kw":"","footnotes":""},"class_list":["post-1635","page","type-page","status-publish","hentry"],"jetpack_sharing_enabled":true,"_links":{"self":[{"href":"https:\/\/monitoreoareasprotegidas.net.ar\/map\/wp-json\/wp\/v2\/pages\/1635","targetHints":{"allow":["GET"]}}],"collection":[{"href":"https:\/\/monitoreoareasprotegidas.net.ar\/map\/wp-json\/wp\/v2\/pages"}],"about":[{"href":"https:\/\/monitoreoareasprotegidas.net.ar\/map\/wp-json\/wp\/v2\/types\/page"}],"author":[{"embeddable":true,"href":"https:\/\/monitoreoareasprotegidas.net.ar\/map\/wp-json\/wp\/v2\/users\/2"}],"replies":[{"embeddable":true,"href":"https:\/\/monitoreoareasprotegidas.net.ar\/map\/wp-json\/wp\/v2\/comments?post=1635"}],"version-history":[{"count":12,"href":"https:\/\/monitoreoareasprotegidas.net.ar\/map\/wp-json\/wp\/v2\/pages\/1635\/revisions"}],"predecessor-version":[{"id":3300,"href":"https:\/\/monitoreoareasprotegidas.net.ar\/map\/wp-json\/wp\/v2\/pages\/1635\/revisions\/3300"}],"wp:attachment":[{"href":"https:\/\/monitoreoareasprotegidas.net.ar\/map\/wp-json\/wp\/v2\/media?parent=1635"}],"curies":[{"name":"wp","href":"https:\/\/api.w.org\/{rel}","templated":true}]}}